{"id":837,"date":"2018-06-28T01:39:36","date_gmt":"2018-06-28T04:39:36","guid":{"rendered":"https:\/\/ies2-juj.infd.edu.ar\/sitio\/autoridades\/"},"modified":"2026-01-13T12:07:01","modified_gmt":"2026-01-13T15:07:01","slug":"autoridades","status":"publish","type":"page","link":"https:\/\/ies2-juj.infd.edu.ar\/sitio\/autoridades\/","title":{"rendered":"Autoridades"},"content":{"rendered":"<p><img decoding=\"async\" src=\"https:\/\/ies2-juj.infd.edu.ar\/sitio\/upload\/img\/19N9BDBWagxySimagen_incrustada1.png\" border=\"0\" \/><\/p>\n<p><strong>Rectora: Prof. MAR\u00cdA JULIA MOSCOSO<\/strong><\/p>\n<p>Secretar\u00eda Acad\u00e9mica:\u00a0<strong>Prof. Marta LEIVA<\/strong><\/p>\n<p>Secretar\u00eda Administrativa:<\/p>\n<p>Departamento de Formaci\u00f3n Inicial:<\/p>\n<p>Departamento de Investigaci\u00f3n:<\/p>\n<p>Departamento de Capacitaci\u00f3n:\u00a0<strong>Prof. Vanesa QUISPE<\/strong><\/p>\n<p><strong>Coordinaci\u00f3n de Carreras<\/strong><\/p>\n<p><strong>\u00a0<\/strong><\/p>\n<p><strong>HUMAHUACA<\/strong><\/p>\n<p><strong>INGLES:<\/strong>\u00a0Prof. Zulma Paredes<\/p>\n<p><strong>PRIMARIA:<\/strong> Prof.<\/p>\n<p><strong>INICIAL:<\/strong> Prof.<\/p>\n<p><strong>\u00a0<\/strong><strong>\u00a0<\/strong><\/p>\n<p><strong>TILCARA\u00a0<\/strong><\/p>\n<p><strong>INGLES:<\/strong> Prof. Vanesa CARDOZO<\/p>\n<p><strong>LENGUA:<\/strong> Prof.\u00a0 Ana MONROY<\/p>\n<p><strong>HISTORIA:<\/strong> Prof. Ren\u00e9 CASTILLO<\/p>\n<p><strong>TURSIMO:<\/strong>\u00a0Lic.\u00a0Luis Zerpa<\/p>\n<p><strong>\u00a0<\/strong><\/p>\n<p><strong>TUMBAYA<\/strong><\/p>\n<p><strong>COCINA REGIONAL:<\/strong><\/p>\n<p><img decoding=\"async\" loading=\"lazy\" src=\"https:\/\/ies2-juj.infd.edu.ar\/sitio\/upload\/img\/1lolHDR6veCmGimagen_incrustada2.png\" width=\"92\" height=\"72\" border=\"0\" \/><\/p>\n","protected":false},"excerpt":{"rendered":"<p>Rectora: Prof. MAR\u00cdA JULIA MOSCOSO Secretar\u00eda Acad\u00e9mica:\u00a0Prof. Marta LEIVA Secretar\u00eda Administrativa: Departamento de Formaci\u00f3n Inicial: Departamento de Investigaci\u00f3n: Departamento de Capacitaci\u00f3n:\u00a0Prof. Vanesa QUISPE Coordinaci\u00f3n de Carreras \u00a0 HUMAHUACA INGLES:\u00a0Prof. Zulma Paredes PRIMARIA: Prof. INICIAL: Prof. \u00a0\u00a0 TILCARA\u00a0 INGLES: Prof. Vanesa CARDOZO LENGUA: Prof.\u00a0 Ana MONROY HISTORIA: Prof. Ren\u00e9 CASTILLO TURSIMO:\u00a0Lic.\u00a0Luis Zerpa \u00a0 TUMBAYA COCINA REGIONAL:<\/p>\n","protected":false},"author":20,"featured_media":0,"parent":0,"menu_order":0,"comment_status":"closed","ping_status":"closed","template":"","meta":[],"acf":[],"_links":{"self":[{"href":"https:\/\/ies2-juj.infd.edu.ar\/sitio\/wp-json\/wp\/v2\/pages\/837"}],"collection":[{"href":"https:\/\/ies2-juj.infd.edu.ar\/sitio\/wp-json\/wp\/v2\/pages"}],"about":[{"href":"https:\/\/ies2-juj.infd.edu.ar\/sitio\/wp-json\/wp\/v2\/types\/page"}],"author":[{"embeddable":true,"href":"https:\/\/ies2-juj.infd.edu.ar\/sitio\/wp-json\/wp\/v2\/users\/20"}],"replies":[{"embeddable":true,"href":"https:\/\/ies2-juj.infd.edu.ar\/sitio\/wp-json\/wp\/v2\/comments?post=837"}],"version-history":[{"count":2,"href":"https:\/\/ies2-juj.infd.edu.ar\/sitio\/wp-json\/wp\/v2\/pages\/837\/revisions"}],"predecessor-version":[{"id":948,"href":"https:\/\/ies2-juj.infd.edu.ar\/sitio\/wp-json\/wp\/v2\/pages\/837\/revisions\/948"}],"wp:attachment":[{"href":"https:\/\/ies2-juj.infd.edu.ar\/sitio\/wp-json\/wp\/v2\/media?parent=837"}],"curies":[{"name":"wp","href":"https:\/\/api.w.org\/{rel}","templated":true}]}}